{"id":463,"date":"2024-07-23T19:35:29","date_gmt":"2024-07-23T19:35:29","guid":{"rendered":"https:\/\/molinaferreterias.com\/?post_type=product&#038;p=463"},"modified":"2024-07-23T19:41:06","modified_gmt":"2024-07-23T19:41:06","slug":"impac-akriltek","status":"publish","type":"product","link":"https:\/\/molinaferreterias.com\/index.php\/producto\/impac-akriltek\/","title":{"rendered":"IMPAC AKRILTEK"},"content":{"rendered":"<div><strong>DESCRIPCI\u00d3N:<\/strong><\/div>\n<div><\/div>\n<div><strong>Akriltek\u00ae 5<\/strong> es un impermeabilizante elastom\u00e9rico formulado a base de resinas acr\u00edlicas y part\u00edculas t\u00e9rmicas cer\u00e1micas con alto poder reflejante de los rayos solares, y con una vida m\u00ednima garantizada de 5 a\u00f1os.<\/div>\n<div><\/div>\n<p><strong>Ventajas:<\/strong><\/p>\n<ul>\n<li>Sistema de aplicaci\u00f3n en fr\u00edo<\/li>\n<li>Elaborado con pol\u00edmeros acr\u00edlicos de alta calidad<\/li>\n<li>Impermeabilidad total y resistencia al intemperismo<\/li>\n<li>Altamente resistente a la degradaci\u00f3n por los rayos ultravioleta<\/li>\n<li>No requiere de mano de obra especializada para aplicarse<\/li>\n<li>Se adhiere sobre concreto, mortero, fibrocemento, l\u00e1mina galvanizada, block y ladrillo<\/li>\n<li>Reduce la temperatura en el interior de las habitaciones, generando ahorros en el consumo de energ\u00eda el\u00e9ctrica<\/li>\n<li>Contiene part\u00edculas cer\u00e1micas termoaislantes<\/li>\n<li>Ofrece una mayor elasticidad para soportar las expansiones y contracciones normales en toda construcci\u00f3n<\/li>\n<\/ul>\n","protected":false},"excerpt":{"rendered":"<p>DESCRIPCI\u00d3N: Akriltek\u00ae 5 es un impermeabilizante elastom\u00e9rico formulado a base de resinas acr\u00edlicas y part\u00edculas t\u00e9rmicas cer\u00e1micas con alto poder reflejante de los rayos solares, y con una vida m\u00ednima garantizada de 5 a\u00f1os. Ventajas: Sistema de aplicaci\u00f3n en fr\u00edo Elaborado con pol\u00edmeros acr\u00edlicos de alta calidad Impermeabilidad total y resistencia al intemperismo Altamente resistente a la degradaci\u00f3n por los &#8230; <\/p>\n<div><a href=\"https:\/\/molinaferreterias.com\/index.php\/producto\/impac-akriltek\/\" class=\"more-link\">Read More<\/a><\/div>\n","protected":false},"featured_media":464,"comment_status":"closed","ping_status":"closed","template":"","meta":[],"product_brand":[],"product_cat":[83],"product_tag":[92,84,85],"class_list":{"0":"post-463","1":"product","2":"type-product","3":"status-publish","4":"has-post-thumbnail","6":"product_cat-impac","7":"product_tag-akriltek","8":"product_tag-impac","9":"product_tag-impermeabilizante","12":"first","13":"instock","14":"taxable","15":"shipping-taxable","16":"product-type-simple"},"jetpack_sharing_enabled":true,"_links":{"self":[{"href":"https:\/\/molinaferreterias.com\/index.php\/wp-json\/wp\/v2\/product\/463","targetHints":{"allow":["GET"]}}],"collection":[{"href":"https:\/\/molinaferreterias.com\/index.php\/wp-json\/wp\/v2\/product"}],"about":[{"href":"https:\/\/molinaferreterias.com\/index.php\/wp-json\/wp\/v2\/types\/product"}],"replies":[{"embeddable":true,"href":"https:\/\/molinaferreterias.com\/index.php\/wp-json\/wp\/v2\/comments?post=463"}],"wp:featuredmedia":[{"embeddable":true,"href":"https:\/\/molinaferreterias.com\/index.php\/wp-json\/wp\/v2\/media\/464"}],"wp:attachment":[{"href":"https:\/\/molinaferreterias.com\/index.php\/wp-json\/wp\/v2\/media?parent=463"}],"wp:term":[{"taxonomy":"product_brand","embeddable":true,"href":"https:\/\/molinaferreterias.com\/index.php\/wp-json\/wp\/v2\/product_brand?post=463"},{"taxonomy":"product_cat","embeddable":true,"href":"https:\/\/molinaferreterias.com\/index.php\/wp-json\/wp\/v2\/product_cat?post=463"},{"taxonomy":"product_tag","embeddable":true,"href":"https:\/\/molinaferreterias.com\/index.php\/wp-json\/wp\/v2\/product_tag?post=463"}],"curies":[{"name":"wp","href":"https:\/\/api.w.org\/{rel}","templated":true}]}}