{"id":430,"date":"2024-07-22T17:46:04","date_gmt":"2024-07-22T17:46:04","guid":{"rendered":"https:\/\/molinaferreterias.com\/?page_id=430"},"modified":"2024-07-22T22:07:10","modified_gmt":"2024-07-22T22:07:10","slug":"politicas-de-envio-a-domicilio","status":"publish","type":"page","link":"https:\/\/molinaferreterias.com\/index.php\/politicas-de-envio-a-domicilio\/","title":{"rendered":"POL\u00cdTICAS DE ENV\u00cdO A DOMICILIO"},"content":{"rendered":"<div id=\"cs-content\" class=\"cs-content\"><div class=\"x-section e430-e1 mby-0\"><span class=\"x-separator-top-angle-in\" style=\"top: 6px; height: 50px; color: #003d99;\" aria-hidden=\"true\"><svg class=\"angle-top-in\" style=\"fill: currentColor;\" xmlns=\"http:\/\/www.w3.org\/2000\/svg\" version=\"1.1\" viewBox=\"0 0 100 100\" preserveAspectRatio=\"none\"><polygon points=\"0,100 500,100 0,0\"\/><polygon points=\"500,100 100,100 100,0\"\/><\/svg><\/span><div class=\"x-row x-container max width e430-e2 mby-1 mby-2\"><div class=\"x-row-inner\"><div class=\"x-col e430-e3 mby-3\"><div class=\"x-text x-text-headline has-graphic e430-e4 mby-4\"><div class=\"x-text-content\"><span class=\"x-graphic\" aria-hidden=\"true\"><i class=\"x-icon x-graphic-child x-graphic-icon x-graphic-primary\" aria-hidden=\"true\" data-x-icon-s=\"&#xe58b;\"><\/i><\/span><div class=\"x-text-content-text\"><h1 class=\"x-text-content-text-primary\"><p style=\"text-align: left;\"><strong><span style=\"color: #003366;\">POL\u00cdTICAS DE ENV\u00cdO A DOMICILIO<\/span><\/strong><\/p><\/h1><\/div><\/div><\/div><div class=\"x-text x-content e430-e5 mby-5\"><p><span style=\"color: #003366;\"><strong>Estimado Cliente:<\/strong><\/span><\/p>\n<p><span style=\"color: #003366;\"><strong><u>Programaci\u00f3n<\/u><\/strong><\/span><\/p>\n\n<ul>\n \t<li><strong>La programaci\u00f3n de env\u00edo a domicilio comienza una vez que se genera su remisi\u00f3n o factura correspondiente al material solicitado.<\/strong><\/li>\n \t<li><strong>El tiempo de env\u00edo est\u00e1 condicionado a la cantidad de env\u00edos previamente programados a su pedido y a la disponibilidad de tiempo y existencias.<\/strong><\/li>\n<\/ul>\n<p><span style=\"color: #003366;\"><strong><u>Datos de env\u00edo<\/u><\/strong><\/span><\/p>\n\n<ul>\n \t<li><strong>Revise que todos sus datos de env\u00edos est\u00e9n correctos y completos, ya que de esto depende el \u00e9xito de su entrega.<\/strong><\/li>\n \t<li><strong>Datos de env\u00edo incorrectos: En caso de datos de env\u00edo est\u00e9n err\u00f3neos, el material se regresar\u00e1 a la sucursal y el reenv\u00edo causar\u00e1 costos adicionales.<\/strong><\/li>\n \t<li><strong>En caso de que el jefe de almac\u00e9n o el chofer repartidor considere que el domicilio de entrega est\u00e1 en zona de riesgo y esto pueda causar perjuicios al chofer, al veh\u00edculo de reparto o a la comunidad; su pedido no ser\u00e1 entregado y se le notificar\u00e1 a la brevedad posible (zonas altas, pendientes, estacionamiento comprometido o sin lugar para estacionarse, terracer\u00eda, inundaciones, cableado bajo, calles demasiado angostas, colonia insegura, malas condiciones meteorol\u00f3gicas, etc.).<\/strong><\/li>\n<\/ul>\n<p><span style=\"color: #003366;\"><strong><u>Costo de env\u00edo<\/u><\/strong><\/span><\/p>\n\n<ul>\n \t<li><strong>El costo de env\u00edo ser\u00e1 determinado por el vendedor en mostrador y este estar\u00e1 desglosado en su factura o remisi\u00f3n.<\/strong><\/li>\n \t<li><strong>El costo de servicio a domicilio no incluye servicio de instalaci\u00f3n, maniobras u otros servicios adicionales (en caso de requerir un servicio extraordinario, favor de solicitarlo al vendedor al momento de su compra para verificar disponibilidad y, en su caso, la cotizaci\u00f3n correspondiente).<\/strong><\/li>\n<\/ul>\n<p><span style=\"color: #003366;\"><strong><u>Entrega de Material<\/u><\/strong><\/span><\/p>\n\n<ul>\n \t<li><strong>El material se entrega a un m\u00e1ximo de 3 metros de distancia del veh\u00edculo de reparto.<\/strong><\/li>\n \t<li><strong>El veh\u00edculo de reparto se estacionar\u00e1 en la calle frente al domicilio y no est\u00e1 permitido que este se estacione dentro de la propiedad, ya que puede causar da\u00f1os (quebradura de concretos, cer\u00e1micas, tallones en paredes, etc.).<\/strong><\/li>\n \t<li><strong>Ning\u00fan personal del equipo de env\u00edos de Ferreter\u00eda Molina de Chihuahua S.A. de C.V. est\u00e1 autorizado a instalar equipos, retirar puertas, pasar mercanc\u00eda a patios traseros, segundos pisos, subir m\u00faltiples escalones, brincar zanjas o mont\u00edculos, volar mercanc\u00eda, ni mover otro veh\u00edculo que no pertenezca a la empresa.<\/strong><\/li>\n \t<li><strong>La recepci\u00f3n del material debe de ser en el domicilio estipulado y este deber\u00e1 ser firmado de conformidad en cantidad y forma.<\/strong><\/li>\n \t<li><strong>El material no ser\u00e1 entregado en el domicilio si no hay quien lo reciba; a menos que lo haya autorizado al momento de su compra. Cabe mencionar que, de ser as\u00ed, Ferreter\u00eda Molina de Chihuahua S.A. de C.V. no tiene responsabilidad alguna por da\u00f1o, robo o extrav\u00edo de su material.<\/strong><\/li>\n<\/ul>\n<p><span style=\"color: #003366;\"><strong><u>Devoluciones<\/u><\/strong><\/span><\/p>\n\n<ul>\n \t<li><strong>La devoluci\u00f3n de material, una vez que est\u00e9 en el domicilio, puede generar cargos por servicio de env\u00edo o reenv\u00edo.<\/strong><\/li>\n \t<li><strong>La devoluci\u00f3n por material defectuoso, incompleto o en mal estado, ser\u00e1 devuelto o bonificado con nota de cr\u00e9dito en su remisi\u00f3n o factura.<\/strong><\/li>\n<\/ul>\n<p><span style=\"color: #003366;\"><strong><u>Pago en domicilio <\/u><\/strong><\/span><\/p>\n\n<ul>\n \t<li><strong>El chofer repartidor no es responsable de los precios en su remisi\u00f3n o factura y este est\u00e1 obligado a cobrar el total del importe especificado en el documento. En caso de no estar de acuerdo con el importe total, favor de comunicarse con el vendedor.<\/strong><\/li>\n \t<li><strong>El pago en efectivo de material en su domicilio est\u00e1 limitado a $5,000.00 M.N. por razones de seguridad.<\/strong><\/li>\n \t<li><strong>El chofer repartidor tiene estrictamente prohibido solicitar o exigir propina por hacer su trabajo.<\/strong><\/li>\n<\/ul>\n<p><strong>Administraci\u00f3n <\/strong><\/p>\n<p><strong>Ferreter\u00eda Molina de Chihuahua<\/strong><\/p>\n<\/strong><\/p><\/div><\/div><\/div><\/div><span class=\"x-separator-bottom-curve-in\" style=\"bottom: .5px; height: 18px; color: #003d99;\" aria-hidden=\"true\"><svg class=\"curve-bottom-in\" style=\"fill: currentColor;\" xmlns=\"http:\/\/www.w3.org\/2000\/svg\" version=\"1.1\" viewBox=\"0 0 100 50\" preserveAspectRatio=\"none\"><path d=\"M0,50V0h50C22.4,0,0,50,0,50z\"\/><path d=\"M50,0h50v50C100,50,77.6,0,50,0z\"\/><\/svg><\/span><\/div><\/div>\n","protected":false},"excerpt":{"rendered":"<p>POL\u00cdTICAS DE ENV\u00cdO A DOMICILIOEstimado Cliente: Programaci\u00f3n La programaci\u00f3n de env\u00edo a domicilio comienza una vez que se genera su remisi\u00f3n o factura correspondiente al material solicitado. El tiempo de env\u00edo est\u00e1 condicionado a la cantidad de env\u00edos previamente programados a su pedido y a la disponibilidad de tiempo y existencias. Datos de env\u00edo Revise que todos sus datos de &#8230; <\/p>\n<div><a href=\"https:\/\/molinaferreterias.com\/index.php\/politicas-de-envio-a-domicilio\/\" class=\"more-link\">Read More<\/a><\/div>\n","protected":false},"author":1,"featured_media":0,"parent":0,"menu_order":0,"comment_status":"closed","ping_status":"closed","template":"template-blank-4.php","meta":{"footnotes":""},"class_list":["post-430","page","type-page","status-publish","hentry","no-post-thumbnail"],"jetpack_sharing_enabled":true,"_links":{"self":[{"href":"https:\/\/molinaferreterias.com\/index.php\/wp-json\/wp\/v2\/pages\/430","targetHints":{"allow":["GET"]}}],"collection":[{"href":"https:\/\/molinaferreterias.com\/index.php\/wp-json\/wp\/v2\/pages"}],"about":[{"href":"https:\/\/molinaferreterias.com\/index.php\/wp-json\/wp\/v2\/types\/page"}],"author":[{"embeddable":true,"href":"https:\/\/molinaferreterias.com\/index.php\/wp-json\/wp\/v2\/users\/1"}],"replies":[{"embeddable":true,"href":"https:\/\/molinaferreterias.com\/index.php\/wp-json\/wp\/v2\/comments?post=430"}],"version-history":[{"count":5,"href":"https:\/\/molinaferreterias.com\/index.php\/wp-json\/wp\/v2\/pages\/430\/revisions"}],"predecessor-version":[{"id":435,"href":"https:\/\/molinaferreterias.com\/index.php\/wp-json\/wp\/v2\/pages\/430\/revisions\/435"}],"wp:attachment":[{"href":"https:\/\/molinaferreterias.com\/index.php\/wp-json\/wp\/v2\/media?parent=430"}],"curies":[{"name":"wp","href":"https:\/\/api.w.org\/{rel}","templated":true}]}}